{"id":869,"date":"2025-12-10T10:40:20","date_gmt":"2025-12-10T10:40:20","guid":{"rendered":"https:\/\/roundupriverranch.org\/?page_id=869"},"modified":"2025-12-17T06:05:54","modified_gmt":"2025-12-17T06:05:54","slug":"shop-support","status":"publish","type":"page","link":"https:\/\/roundupriverranch.org\/es\/support-us\/get-involved\/shop-support\/","title":{"rendered":"Tienda y asistencia"},"content":{"rendered":"<div class=\"defaultheaderblock\">\n    <div class=\"defaultheaderblockinner\">\n\n                    <div class=\"headerouter\">\n                <div class=\"headerimage\" style=\"background-image: url(https:\/\/roundupriverranch.org\/wp-content\/uploads\/2025\/12\/roundup-river-ranch-camp-2000x460-support4.png)\">\n                    <img decoding=\"async\" src=\"https:\/\/roundupriverranch.org\/wp-content\/uploads\/2025\/12\/roundup-river-ranch-camp-2000x460-support4.png\" alt=\"camper with purple glasses on\" \/>\n                <\/div>\n                <div class=\"mobileheaderimage\">\n                    <img decoding=\"async\" src=\"https:\/\/roundupriverranch.org\/wp-content\/uploads\/2025\/12\/roundup-river-ranch-camp-930x500-support4.jpg\" alt=\"camper with purple glasses on\" \/>\n                <\/div>\n            <\/div>\n        \n    <\/div>\n    <div class=\"defaultheadercurve\">\n        <img decoding=\"async\" src=\"https:\/\/roundupriverranch.org\/wp-content\/themes\/sage\/public\/build\/assets\/defaultheadercurve-Cez_Hkub.svg\" alt=\"\">\n    <\/div>\n<\/div>\n\n\n\n<h1 class=\"wp-block-heading has-text-align-center\" id=\"h-shop-amp-support\">Tienda y asistencia<\/h1>\n\n\n\n<h2 class=\"wp-block-heading has-text-align-center\" id=\"h-cause-marketing-amp-brand-partnerships\">MARKETING DE CAUSAS Y ASOCIACIONES DE MARCAS<\/h2>\n\n\n\n<p class=\"has-text-align-left\">Al asociarnos con empresas, ayudamos a implicar e inspirar a la gente mediante acciones tangibles que pueden repercutir directamente en nuestros campistas y sus familias. Una asociaci\u00f3n de marketing con causa puede beneficiar a los campistas, aumentar la fidelidad de los clientes y el orgullo y la dedicaci\u00f3n de los empleados.<\/p>\n\n\n\n<p><strong>Compras con impacto.<\/strong>&nbsp;Desde campa\u00f1as a patrocinios, pasando por la aportaci\u00f3n de un porcentaje de las ventas de productos, cada asociaci\u00f3n ha contribuido a marcar la diferencia en las vidas de nuestros campistas. Echa un vistazo a todas las formas en las que puedes comprar y retribuir al mismo tiempo.<\/p>\n\n\n<div class=\"imagecopyblockwrap\">\n    <div class=\"imagecopyblockinner right small\">\n        <div class=\"imagecopyblockimage\">\n            <img decoding=\"async\" src=\"https:\/\/roundupriverranch.org\/wp-content\/uploads\/2025\/12\/amazon_wishlist.png\" alt=\"Amazon Wishlist\" \/>\n        <\/div>\n        <div class=\"imagecopyblockcontent\">\n            <div class=\"copyinner\">\n                <h2>Lista de deseos de Amazon<\/h2>\n<p>\u00bfBuscas una manera f\u00e1cil y divertida de apoyar al campamento? Compra art\u00edculos directamente de nuestra lista de deseos de Amazon. Nuestra Lista de Deseos de Amazon es un lugar donde a\u00f1adimos regularmente diferentes art\u00edculos que necesitamos para el campamento - ya sea material de oficina de uso diario, o suministros para los programas de los campistas, estos art\u00edculos apoyan directamente el \u00e9xito del campamento. Cuando compras en nuestra Lista de Deseos, \u00a1los art\u00edculos que compras se env\u00edan directamente al campamento!\u00a0<span class=\"html-span xexx8yu x4uap5 x18d9i69 xkhd6sd x1hl2dhg x16tdsg8 x1vvkbs x3nfvp2 x1j61x8r x1fcty0u xdj266r xat24cr xgzva0m xhhsvwb xxymvpz xlup9mm x1kky2od\"><img loading=\"lazy\" decoding=\"async\" class=\"xz74otr x168nmei x13lgxp2 x5pf9jr xo71vjh\" src=\"https:\/\/static.xx.fbcdn.net\/images\/emoji.php\/v9\/tdc\/2\/16\/1f4e6.png\" alt=\"\ud83d\udce6\" width=\"16\" height=\"16\" \/><\/span><\/p>\n<div class=\"x11i5rnm xat24cr x1mh8g0r x1vvkbs xtlvy1s x126k92a\">\n<div dir=\"auto\">Para comprar en la Lista de deseos:<\/div>\n<div dir=\"auto\"><span class=\"html-span xexx8yu x4uap5 x18d9i69 xkhd6sd x1hl2dhg x16tdsg8 x1vvkbs x3nfvp2 x1j61x8r x1fcty0u xdj266r xat24cr xgzva0m xhhsvwb xxymvpz xlup9mm x1kky2od\"><img loading=\"lazy\" decoding=\"async\" class=\"xz74otr x168nmei x13lgxp2 x5pf9jr xo71vjh\" src=\"https:\/\/static.xx.fbcdn.net\/images\/emoji.php\/v9\/t59\/2\/16\/31_20e3.png\" alt=\"1\ufe0f\u20e3\" width=\"16\" height=\"16\" \/><\/span>\u00a0Ir a nuestra lista de deseos en\u00a0<a href=\"https:\/\/www.amazon.com\/hz\/wishlist\/ls\/3BXVX7EHJ03JS?ref_=wl_fv_le&amp;fbclid=IwZXh0bgNhZW0CMTAAAR0xP5r7WpfR4aXVb_UcpH8sCpeSDgUVmeE_uH22DEhwTGkUGvHJIoytcaM_aem_XnTG7W8ECjtOFleJONIAJA\">Amazon<\/a><\/div>\n<div dir=\"auto\"><span class=\"html-span xexx8yu x4uap5 x18d9i69 xkhd6sd x1hl2dhg x16tdsg8 x1vvkbs x3nfvp2 x1j61x8r x1fcty0u xdj266r xat24cr xgzva0m xhhsvwb xxymvpz xlup9mm x1kky2od\"><img loading=\"lazy\" decoding=\"async\" class=\"xz74otr x168nmei x13lgxp2 x5pf9jr xo71vjh\" src=\"https:\/\/static.xx.fbcdn.net\/images\/emoji.php\/v9\/t78\/2\/16\/32_20e3.png\" alt=\"2\ufe0f\u20e3\" width=\"16\" height=\"16\" \/><\/span>\u00a0Elige los art\u00edculos que quieras enviar al campamento.<\/div>\n<div dir=\"auto\"><span class=\"html-span xexx8yu x4uap5 x18d9i69 xkhd6sd x1hl2dhg x16tdsg8 x1vvkbs x3nfvp2 x1j61x8r x1fcty0u xdj266r xat24cr xgzva0m xhhsvwb xxymvpz xlup9mm x1kky2od\"><img loading=\"lazy\" decoding=\"async\" class=\"xz74otr x168nmei x13lgxp2 x5pf9jr xo71vjh\" src=\"https:\/\/static.xx.fbcdn.net\/images\/emoji.php\/v9\/t97\/2\/16\/33_20e3.png\" alt=\"3\ufe0f\u20e3\" width=\"16\" height=\"16\" \/><\/span>\u00a0Seleccione Roundup para la direcci\u00f3n de env\u00edo<\/div>\n<div dir=\"auto\"><span class=\"html-span xexx8yu x4uap5 x18d9i69 xkhd6sd x1hl2dhg x16tdsg8 x1vvkbs x3nfvp2 x1j61x8r x1fcty0u xdj266r xat24cr xgzva0m xhhsvwb xxymvpz xlup9mm x1kky2od\"><img loading=\"lazy\" decoding=\"async\" class=\"xz74otr x168nmei x13lgxp2 x5pf9jr xo71vjh\" src=\"https:\/\/static.xx.fbcdn.net\/images\/emoji.php\/v9\/tb6\/2\/16\/34_20e3.png\" alt=\"4\ufe0f\u20e3\" width=\"16\" height=\"16\" \/><\/span>\u00a0Pon tu nombre y correo electr\u00f3nico en el mensaje del regalo<\/div>\n<\/div>\n\n            <\/div>\n                            <div class=\"ctalink\">\n                    <a class=\"drkgreen-btn lowercase\" href=\"https:\/\/www.amazon.com\/hz\/wishlist\/ls\/3BXVX7EHJ03JS?ref_=wl_fv_le&amp;fbclid=IwZXh0bgNhZW0CMTAAAR0xP5r7WpfR4aXVb_UcpH8sCpeSDgUVmeE_uH22DEhwTGkUGvHJIoytcaM_aem_XnTG7W8ECjtOFleJONIAJA\">Lista de deseos de Amazon<\/a>\n                <\/div>\n                    <\/div>\n    <\/div>\n    <div class=\"seperator\"><\/div>\n<\/div>\n\n\n<div class=\"imagecopyblockwrap\">\n    <div class=\"imagecopyblockinner right small\">\n        <div class=\"imagecopyblockimage\">\n            <img decoding=\"async\" src=\"https:\/\/roundupriverranch.org\/wp-content\/uploads\/2025\/12\/king_soopers.png\" alt=\"King Soopers\" \/>\n        <\/div>\n        <div class=\"imagecopyblockcontent\">\n            <div class=\"copyinner\">\n                <h2>Premios comunitarios King Soopers\/City Market<\/h2>\n<p>Aprenda a a\u00f1adir Roundup River Ranch a su cuenta de Community Rewards.<\/p>\n\n            <\/div>\n                            <div class=\"ctalink\">\n                    <a class=\"drkgreen-btn lowercase\" href=\"https:\/\/www.kingsoopers.com\/i\/community\/community-rewards\">Recompensas King Soopers \/ City Market<\/a>\n                <\/div>\n                    <\/div>\n    <\/div>\n    <div class=\"seperator\"><\/div>\n<\/div>\n\n\n<div class=\"imagecopyblockwrap\">\n    <div class=\"imagecopyblockinner right small\">\n        <div class=\"imagecopyblockimage\">\n            <img decoding=\"async\" src=\"https:\/\/roundupriverranch.org\/wp-content\/uploads\/2025\/12\/RRR_Apparel.png\" alt=\"RRR Apparel\" \/>\n        <\/div>\n        <div class=\"imagecopyblockcontent\">\n            <div class=\"copyinner\">\n                <h2>Ropa Roundup River Ranch<\/h2>\n<p>Pronto tendremos una nueva tienda en l\u00ednea para el campamento. Vuelve pronto para apoyarnos con ropa divertida de RRR.<\/p>\n\n            <\/div>\n                    <\/div>\n    <\/div>\n    <div class=\"seperator\"><\/div>\n<\/div>\n\n\n\n<div style=\"height:100px\" aria-hidden=\"true\" class=\"wp-block-spacer\"><\/div>","protected":false},"excerpt":{"rendered":"<p>Comprar y apoyar MARKETING CON CAUSA Y ASOCIACIONES DE MARCA Al asociarnos con empresas, ayudamos a implicar e inspirar a la gente mediante acciones tangibles que pueden ... <a href=\"https:\/\/roundupriverranch.org\/es\/support-us\/get-involved\/shop-support\/\">Contin\u00faa<\/a><\/p>","protected":false},"author":1,"featured_media":0,"parent":743,"menu_order":0,"comment_status":"closed","ping_status":"closed","template":"template-secondary.blade.php","meta":{"_acf_changed":false,"footnotes":""},"class_list":["post-869","page","type-page","status-publish","hentry"],"acf":[],"yoast_head":"<!-- This site is optimized with the Yoast SEO Premium plugin v26.9 (Yoast SEO v27.4) - https:\/\/yoast.com\/product\/yoast-seo-premium-wordpress\/ -->\n<title>Shop &amp; Support - Roundup River Ranch<\/title>\n<meta name=\"robots\" content=\"index, follow, max-snippet:-1, max-image-preview:large, max-video-preview:-1\" \/>\n<link rel=\"canonical\" href=\"https:\/\/roundupriverranch.org\/es\/support-us\/get-involved\/shop-support\/\" \/>\n<meta property=\"og:locale\" content=\"es_ES\" \/>\n<meta property=\"og:type\" content=\"article\" \/>\n<meta property=\"og:title\" content=\"Shop &amp; Support\" \/>\n<meta property=\"og:description\" content=\"Shop &amp; Support CAUSE MARKETING &amp; BRAND PARTNERSHIPS By teaming up with companies, we help engage and inspire people through tangible actions that can directly &hellip; Continued\" \/>\n<meta property=\"og:url\" content=\"https:\/\/roundupriverranch.org\/es\/support-us\/get-involved\/shop-support\/\" \/>\n<meta property=\"og:site_name\" content=\"Roundup River Ranch\" \/>\n<meta property=\"article:publisher\" content=\"https:\/\/www.facebook.com\/roundupriverranch\/\" \/>\n<meta property=\"article:modified_time\" content=\"2025-12-17T06:05:54+00:00\" \/>\n<meta name=\"twitter:card\" content=\"summary_large_image\" \/>\n<meta name=\"twitter:label1\" content=\"Tiempo de lectura\" \/>\n\t<meta name=\"twitter:data1\" content=\"1 minuto\" \/>\n<script type=\"application\/ld+json\" class=\"yoast-schema-graph\">{\"@context\":\"https:\\\/\\\/schema.org\",\"@graph\":[{\"@type\":\"WebPage\",\"@id\":\"https:\\\/\\\/roundupriverranch.org\\\/support-us\\\/get-involved\\\/shop-support\\\/\",\"url\":\"https:\\\/\\\/roundupriverranch.org\\\/support-us\\\/get-involved\\\/shop-support\\\/\",\"name\":\"Shop &amp; Support - Roundup River Ranch\",\"isPartOf\":{\"@id\":\"https:\\\/\\\/roundupriverranch.org\\\/#website\"},\"datePublished\":\"2025-12-10T10:40:20+00:00\",\"dateModified\":\"2025-12-17T06:05:54+00:00\",\"breadcrumb\":{\"@id\":\"https:\\\/\\\/roundupriverranch.org\\\/support-us\\\/get-involved\\\/shop-support\\\/#breadcrumb\"},\"inLanguage\":\"es\",\"potentialAction\":[{\"@type\":\"ReadAction\",\"target\":[\"https:\\\/\\\/roundupriverranch.org\\\/support-us\\\/get-involved\\\/shop-support\\\/\"]}]},{\"@type\":\"BreadcrumbList\",\"@id\":\"https:\\\/\\\/roundupriverranch.org\\\/support-us\\\/get-involved\\\/shop-support\\\/#breadcrumb\",\"itemListElement\":[{\"@type\":\"ListItem\",\"position\":1,\"name\":\"Home\",\"item\":\"https:\\\/\\\/roundupriverranch.org\\\/\"},{\"@type\":\"ListItem\",\"position\":2,\"name\":\"Support Us\",\"item\":\"https:\\\/\\\/roundupriverranch.org\\\/support-us\\\/\"},{\"@type\":\"ListItem\",\"position\":3,\"name\":\"Get Involved\",\"item\":\"https:\\\/\\\/roundupriverranch.org\\\/support-us\\\/get-involved\\\/\"},{\"@type\":\"ListItem\",\"position\":4,\"name\":\"Shop &amp; Support\"}]},{\"@type\":\"WebSite\",\"@id\":\"https:\\\/\\\/roundupriverranch.org\\\/#website\",\"url\":\"https:\\\/\\\/roundupriverranch.org\\\/\",\"name\":\"Roundup River Ranch\",\"description\":\"\",\"potentialAction\":[{\"@type\":\"SearchAction\",\"target\":{\"@type\":\"EntryPoint\",\"urlTemplate\":\"https:\\\/\\\/roundupriverranch.org\\\/?s={search_term_string}\"},\"query-input\":{\"@type\":\"PropertyValueSpecification\",\"valueRequired\":true,\"valueName\":\"search_term_string\"}}],\"inLanguage\":\"es\"}]}<\/script>\n<!-- \/ Yoast SEO Premium plugin. -->","yoast_head_json":{"title":"Tienda y asistencia - Roundup River Ranch","robots":{"index":"index","follow":"follow","max-snippet":"max-snippet:-1","max-image-preview":"max-image-preview:large","max-video-preview":"max-video-preview:-1"},"canonical":"https:\/\/roundupriverranch.org\/es\/support-us\/get-involved\/shop-support\/","og_locale":"es_ES","og_type":"article","og_title":"Shop &amp; Support","og_description":"Shop &amp; Support CAUSE MARKETING &amp; BRAND PARTNERSHIPS By teaming up with companies, we help engage and inspire people through tangible actions that can directly &hellip; Continued","og_url":"https:\/\/roundupriverranch.org\/es\/support-us\/get-involved\/shop-support\/","og_site_name":"Roundup River Ranch","article_publisher":"https:\/\/www.facebook.com\/roundupriverranch\/","article_modified_time":"2025-12-17T06:05:54+00:00","twitter_card":"summary_large_image","twitter_misc":{"Tiempo de lectura":"1 minuto"},"schema":{"@context":"https:\/\/schema.org","@graph":[{"@type":"WebPage","@id":"https:\/\/roundupriverranch.org\/support-us\/get-involved\/shop-support\/","url":"https:\/\/roundupriverranch.org\/support-us\/get-involved\/shop-support\/","name":"Tienda y asistencia - Roundup River Ranch","isPartOf":{"@id":"https:\/\/roundupriverranch.org\/#website"},"datePublished":"2025-12-10T10:40:20+00:00","dateModified":"2025-12-17T06:05:54+00:00","breadcrumb":{"@id":"https:\/\/roundupriverranch.org\/support-us\/get-involved\/shop-support\/#breadcrumb"},"inLanguage":"es","potentialAction":[{"@type":"ReadAction","target":["https:\/\/roundupriverranch.org\/support-us\/get-involved\/shop-support\/"]}]},{"@type":"BreadcrumbList","@id":"https:\/\/roundupriverranch.org\/support-us\/get-involved\/shop-support\/#breadcrumb","itemListElement":[{"@type":"ListItem","position":1,"name":"Home","item":"https:\/\/roundupriverranch.org\/"},{"@type":"ListItem","position":2,"name":"Support Us","item":"https:\/\/roundupriverranch.org\/support-us\/"},{"@type":"ListItem","position":3,"name":"Get Involved","item":"https:\/\/roundupriverranch.org\/support-us\/get-involved\/"},{"@type":"ListItem","position":4,"name":"Shop &amp; Support"}]},{"@type":"WebSite","@id":"https:\/\/roundupriverranch.org\/#website","url":"https:\/\/roundupriverranch.org\/","name":"Rancho Roundup River","description":"","potentialAction":[{"@type":"SearchAction","target":{"@type":"EntryPoint","urlTemplate":"https:\/\/roundupriverranch.org\/?s={search_term_string}"},"query-input":{"@type":"PropertyValueSpecification","valueRequired":true,"valueName":"search_term_string"}}],"inLanguage":"es"}]}},"_links":{"self":[{"href":"https:\/\/roundupriverranch.org\/es\/wp-json\/wp\/v2\/pages\/869","targetHints":{"allow":["GET"]}}],"collection":[{"href":"https:\/\/roundupriverranch.org\/es\/wp-json\/wp\/v2\/pages"}],"about":[{"href":"https:\/\/roundupriverranch.org\/es\/wp-json\/wp\/v2\/types\/page"}],"author":[{"embeddable":true,"href":"https:\/\/roundupriverranch.org\/es\/wp-json\/wp\/v2\/users\/1"}],"replies":[{"embeddable":true,"href":"https:\/\/roundupriverranch.org\/es\/wp-json\/wp\/v2\/comments?post=869"}],"version-history":[{"count":9,"href":"https:\/\/roundupriverranch.org\/es\/wp-json\/wp\/v2\/pages\/869\/revisions"}],"predecessor-version":[{"id":11018,"href":"https:\/\/roundupriverranch.org\/es\/wp-json\/wp\/v2\/pages\/869\/revisions\/11018"}],"up":[{"embeddable":true,"href":"https:\/\/roundupriverranch.org\/es\/wp-json\/wp\/v2\/pages\/743"}],"wp:attachment":[{"href":"https:\/\/roundupriverranch.org\/es\/wp-json\/wp\/v2\/media?parent=869"}],"curies":[{"name":"wp","href":"https:\/\/api.w.org\/{rel}","templated":true}]}}