{"id":882,"date":"2025-12-10T10:55:47","date_gmt":"2025-12-10T10:55:47","guid":{"rendered":"https:\/\/roundupriverranch.org\/?page_id=882"},"modified":"2026-01-01T18:20:37","modified_gmt":"2026-01-01T18:20:37","slug":"join-our-team","status":"publish","type":"page","link":"https:\/\/roundupriverranch.org\/es\/about-us\/who-we-are\/join-our-team\/","title":{"rendered":"\u00danete a nuestro equipo"},"content":{"rendered":"<h1 class=\"wp-block-heading has-text-align-center\" id=\"h-join-our-team\">\u00danete a nuestro equipo<\/h1>\n\n\n\n<h2 class=\"wp-block-heading has-text-align-center\" id=\"h-work-seems-less-like-work-when-you-re-helping-to-give-kids-a-life-changing-experience\">EL TRABAJO PARECE MENOS \u201cTRABAJO\u201d CUANDO <br>EST\u00c1S AYUDANDO A DAR A LOS NI\u00d1OS <br>UNA EXPERIENCIA QUE TE CAMBIAR\u00c1 LA VIDA.<\/h2>\n\n\n\n<p class=\"has-text-align-center\">Cuando su d\u00eda apoya a los ni\u00f1os a descubrir la alegr\u00eda, la conexi\u00f3n, la independencia y la esperanza, el \u201ctrabajo\u201d se siente mucho m\u00e1s significativo. En Roundup River Ranch, te unir\u00e1s a un equipo diverso y entusiasta que da vida a experiencias de campamento extraordinarias para los ni\u00f1os con diagn\u00f3sticos que alteran la vida y sus familias. Nuestro entorno es de colaboraci\u00f3n, impulsado por la misi\u00f3n, y arraigado en la creencia de que cada papel contribuye a algo verdaderamente impactante. Vis\u00edtenos a menudo para conocer nuevas y emocionantes oportunidades de crecer, contribuir y formar parte de algo importante.<\/p>\n\n\n\n<div style=\"height:10px\" aria-hidden=\"true\" class=\"wp-block-spacer\"><\/div>\n\n\n\n<div class=\"wp-block-group is-content-justification-center is-layout-flex wp-container-core-group-is-layout-64b26803 wp-block-group-is-layout-flex\">\n<span class=\"plainlinkselected\">Todo el a\u00f1o a tiempo completo<\/span>\n\n\n\n<div class=\"wp-block-buttons plainlink is-layout-flex wp-block-buttons-is-layout-flex\">\n<div class=\"wp-block-button plainlink\"><a class=\"wp-block-button__link wp-element-button\" href=\"https:\/\/roundupriverranch.org\/es\/about-us\/who-we-are\/seasonal-jobs\/\">Trabajos de temporada<\/a><\/div>\n<\/div>\n\n\n\n<div class=\"wp-block-buttons plainlink is-layout-flex wp-block-buttons-is-layout-flex\">\n<div class=\"wp-block-button plainlink\"><a class=\"wp-block-button__link wp-element-button\" href=\"https:\/\/roundupriverranch.org\/es\/about-us\/who-we-are\/medical-seasonal-jobs\/\">M\u00e9dico Temporero Empleo<\/a><\/div>\n<\/div>\n<\/div>\n\n\n\n<div style=\"height:40px\" aria-hidden=\"true\" class=\"wp-block-spacer\"><\/div>\n\n\n\n<p>Roundup River Ranch es algo m\u00e1s que un lugar de trabajo: trabajar\u00e1s en el coraz\u00f3n de nuestro espectacular campamento, donde tendr\u00e1s un asiento en primera fila para ver la diversi\u00f3n y la magia del campamento, desde la comodidad de nuestras modernas y espaciosas oficinas. Los campistas son #1 en Roundup River Ranch y sabemos que sin nuestro equipo de personal valioso, no podemos cumplir nuestra importante misi\u00f3n.<\/p>\n\n\n\n<p>Nuestro camping, situado en el coraz\u00f3n de las Monta\u00f1as Rocosas y enclavado en un ca\u00f1\u00f3n junto al r\u00edo Colorado, a s\u00f3lo 50 minutos al oeste de Vail, ofrece un generoso paquete de prestaciones, disponible para empleados a tiempo completo durante todo el a\u00f1o, que incluye lo siguiente:<\/p>\n\n\n\n<ul class=\"wp-block-list\">\n<li>Salario competitivo con tiempo libre remunerado, d\u00edas festivos remunerados y horarios de trabajo flexibles y la opci\u00f3n de incluir el trabajo a distancia cuando el trabajo lo permita.<\/li>\n\n\n\n<li>Roundup River Ranch ofrece actualmente 100% seguro m\u00e9dico, dental y oftalmol\u00f3gico subvencionado para empleados y cobertura familiar parcialmente subvencionada.\n<ul class=\"wp-block-list\">\n<li>Nuestro plan actual incluye la opci\u00f3n de una Cuenta de Gastos Flexibles o una Cuenta de Ahorros Sanitarios.<\/li>\n<\/ul>\n<\/li>\n\n\n\n<li>Un plan de jubilaci\u00f3n 403(b) y disfrute de hasta un 3% de matching abonado directamente en su cuenta.<\/li>\n\n\n\n<li>En Roundup River Ranch fomentamos y damos prioridad al bienestar de todos nuestros empleados, tanto en el trabajo como en casa. Apoyamos al personal con acceso premium anual gratuito a \u201cCalm - la aplicaci\u00f3n #1 para meditar y dormir\u201d. Los empleados a tiempo completo durante todo el a\u00f1o tambi\u00e9n tienen acceso a un beneficio de bienestar de $1.000 para ayudar a cubrir los costes de apoyo a un estilo de vida activo.<\/li>\n<\/ul>\n\n\n\n<p>Seguro de vida totalmente subvencionado, cobertura por incapacidad a corto y largo plazo y acceso a un Plan de Asistencia al Empleado.<\/p>\n\n\n\n<hr class=\"wp-block-separator has-alpha-channel-opacity\"\/>\n\n\n\n<div class=\"wp-block-buttons is-content-justification-center is-layout-flex wp-container-core-buttons-is-layout-16018d1d wp-block-buttons-is-layout-flex\">\n<div class=\"wp-block-button drkgreen-btn\"><a class=\"wp-block-button__link wp-element-button\" href=\"https:\/\/recruiting.paylocity.com\/recruiting\/jobs\/All\/09ea157c-56d9-44c6-9840-9518733a21f1\/RRR-Year-Round-Career-Center\" target=\"_blank\" rel=\"noreferrer noopener nofollow\">Solicitar ahora<\/a><\/div>\n<\/div>\n\n\n\n<div style=\"height:20px\" aria-hidden=\"true\" class=\"wp-block-spacer\"><\/div>\n\n\n\n<div class=\"wp-block-columns paylocity is-layout-flex wp-container-core-columns-is-layout-9d6595d7 wp-block-columns-is-layout-flex\">\n<div class=\"wp-block-column is-vertically-aligned-center is-layout-flow wp-block-column-is-layout-flow\">\n<p><iframe loading=\"lazy\" src=\"https:\/\/recruiting.paylocity.com\/recruiting\/jobs\/All\/09ea157c-56d9-44c6-9840-9518733a21f1\/RRR-Year-Round-Career-Center\" width=\"80%\" height=\"1000px\"><\/iframe><\/p>\n<\/div>\n<\/div>\n\n\n\n<div style=\"height:40px\" aria-hidden=\"true\" class=\"wp-block-spacer\"><\/div>\n\n\n\n\n\n\n\n<p><\/p>","protected":false},"excerpt":{"rendered":"<p>\u00danete a Nuestro Equipo EL TRABAJO PARECE MENOS \u201cTRABAJO\u201d CUANDO EST\u00c1S AYUDANDO A DAR A LOS NI\u00d1OS UNA EXPERIENCIA QUE CAMBIA LA VIDA. Cuando tu d\u00eda ayuda a los ni\u00f1os a descubrir la alegr\u00eda, la conexi\u00f3n, ... <a href=\"https:\/\/roundupriverranch.org\/es\/about-us\/who-we-are\/join-our-team\/\">Contin\u00faa<\/a><\/p>","protected":false},"author":1,"featured_media":0,"parent":753,"menu_order":0,"comment_status":"closed","ping_status":"open","template":"template-secondary.blade.php","meta":{"_acf_changed":false,"footnotes":""},"class_list":["post-882","page","type-page","status-publish","hentry"],"acf":[],"yoast_head":"<!-- This site is optimized with the Yoast SEO Premium plugin v26.9 (Yoast SEO v27.4) - https:\/\/yoast.com\/product\/yoast-seo-premium-wordpress\/ -->\n<title>Join Our Team - Roundup River Ranch<\/title>\n<meta name=\"robots\" content=\"index, follow, max-snippet:-1, max-image-preview:large, max-video-preview:-1\" \/>\n<link rel=\"canonical\" href=\"https:\/\/roundupriverranch.org\/es\/about-us\/who-we-are\/join-our-team\/\" \/>\n<meta property=\"og:locale\" content=\"es_ES\" \/>\n<meta property=\"og:type\" content=\"article\" \/>\n<meta property=\"og:title\" content=\"Join Our Team\" \/>\n<meta property=\"og:description\" content=\"Join Our Team WORK SEEMS LESS LIKE \u201cWORK\u201d WHEN YOU\u2019RE HELPING TO GIVE KIDS A LIFE-CHANGING EXPERIENCE. When your day supports kids discovering joy, connection, &hellip; Continued\" \/>\n<meta property=\"og:url\" content=\"https:\/\/roundupriverranch.org\/es\/about-us\/who-we-are\/join-our-team\/\" \/>\n<meta property=\"og:site_name\" content=\"Roundup River Ranch\" \/>\n<meta property=\"article:publisher\" content=\"https:\/\/www.facebook.com\/roundupriverranch\/\" \/>\n<meta property=\"article:modified_time\" content=\"2026-01-01T18:20:37+00:00\" \/>\n<meta property=\"og:image\" content=\"https:\/\/roundupriverranch.org\/wp-content\/uploads\/2025\/11\/marshmellows.svg\" \/>\n<meta name=\"twitter:card\" content=\"summary_large_image\" \/>\n<meta name=\"twitter:label1\" content=\"Tiempo de lectura\" \/>\n\t<meta name=\"twitter:data1\" content=\"2 minutos\" \/>\n<script type=\"application\/ld+json\" class=\"yoast-schema-graph\">{\"@context\":\"https:\\\/\\\/schema.org\",\"@graph\":[{\"@type\":\"WebPage\",\"@id\":\"https:\\\/\\\/roundupriverranch.org\\\/about-us\\\/who-we-are\\\/join-our-team\\\/\",\"url\":\"https:\\\/\\\/roundupriverranch.org\\\/about-us\\\/who-we-are\\\/join-our-team\\\/\",\"name\":\"Join Our Team - Roundup River Ranch\",\"isPartOf\":{\"@id\":\"https:\\\/\\\/roundupriverranch.org\\\/#website\"},\"primaryImageOfPage\":{\"@id\":\"https:\\\/\\\/roundupriverranch.org\\\/about-us\\\/who-we-are\\\/join-our-team\\\/#primaryimage\"},\"image\":{\"@id\":\"https:\\\/\\\/roundupriverranch.org\\\/about-us\\\/who-we-are\\\/join-our-team\\\/#primaryimage\"},\"thumbnailUrl\":\"https:\\\/\\\/roundupriverranch.org\\\/wp-content\\\/uploads\\\/2025\\\/11\\\/marshmellows.svg\",\"datePublished\":\"2025-12-10T10:55:47+00:00\",\"dateModified\":\"2026-01-01T18:20:37+00:00\",\"breadcrumb\":{\"@id\":\"https:\\\/\\\/roundupriverranch.org\\\/about-us\\\/who-we-are\\\/join-our-team\\\/#breadcrumb\"},\"inLanguage\":\"es\",\"potentialAction\":[{\"@type\":\"ReadAction\",\"target\":[\"https:\\\/\\\/roundupriverranch.org\\\/about-us\\\/who-we-are\\\/join-our-team\\\/\"]}]},{\"@type\":\"ImageObject\",\"inLanguage\":\"es\",\"@id\":\"https:\\\/\\\/roundupriverranch.org\\\/about-us\\\/who-we-are\\\/join-our-team\\\/#primaryimage\",\"url\":\"https:\\\/\\\/roundupriverranch.org\\\/wp-content\\\/uploads\\\/2025\\\/11\\\/marshmellows.svg\",\"contentUrl\":\"https:\\\/\\\/roundupriverranch.org\\\/wp-content\\\/uploads\\\/2025\\\/11\\\/marshmellows.svg\"},{\"@type\":\"BreadcrumbList\",\"@id\":\"https:\\\/\\\/roundupriverranch.org\\\/about-us\\\/who-we-are\\\/join-our-team\\\/#breadcrumb\",\"itemListElement\":[{\"@type\":\"ListItem\",\"position\":1,\"name\":\"Home\",\"item\":\"https:\\\/\\\/roundupriverranch.org\\\/\"},{\"@type\":\"ListItem\",\"position\":2,\"name\":\"About Us\",\"item\":\"https:\\\/\\\/roundupriverranch.org\\\/about-us\\\/\"},{\"@type\":\"ListItem\",\"position\":3,\"name\":\"Who We Are\",\"item\":\"https:\\\/\\\/roundupriverranch.org\\\/about-us\\\/who-we-are\\\/\"},{\"@type\":\"ListItem\",\"position\":4,\"name\":\"Join Our Team\"}]},{\"@type\":\"WebSite\",\"@id\":\"https:\\\/\\\/roundupriverranch.org\\\/#website\",\"url\":\"https:\\\/\\\/roundupriverranch.org\\\/\",\"name\":\"Roundup River Ranch\",\"description\":\"\",\"potentialAction\":[{\"@type\":\"SearchAction\",\"target\":{\"@type\":\"EntryPoint\",\"urlTemplate\":\"https:\\\/\\\/roundupriverranch.org\\\/?s={search_term_string}\"},\"query-input\":{\"@type\":\"PropertyValueSpecification\",\"valueRequired\":true,\"valueName\":\"search_term_string\"}}],\"inLanguage\":\"es\"}]}<\/script>\n<!-- \/ Yoast SEO Premium plugin. -->","yoast_head_json":{"title":"\u00danete a nuestro equipo - Roundup River Ranch","robots":{"index":"index","follow":"follow","max-snippet":"max-snippet:-1","max-image-preview":"max-image-preview:large","max-video-preview":"max-video-preview:-1"},"canonical":"https:\/\/roundupriverranch.org\/es\/about-us\/who-we-are\/join-our-team\/","og_locale":"es_ES","og_type":"article","og_title":"Join Our Team","og_description":"Join Our Team WORK SEEMS LESS LIKE \u201cWORK\u201d WHEN YOU\u2019RE HELPING TO GIVE KIDS A LIFE-CHANGING EXPERIENCE. When your day supports kids discovering joy, connection, &hellip; Continued","og_url":"https:\/\/roundupriverranch.org\/es\/about-us\/who-we-are\/join-our-team\/","og_site_name":"Roundup River Ranch","article_publisher":"https:\/\/www.facebook.com\/roundupriverranch\/","article_modified_time":"2026-01-01T18:20:37+00:00","og_image":[{"url":"https:\/\/roundupriverranch.org\/wp-content\/uploads\/2025\/11\/marshmellows.svg","type":"","width":"","height":""}],"twitter_card":"summary_large_image","twitter_misc":{"Tiempo de lectura":"2 minutos"},"schema":{"@context":"https:\/\/schema.org","@graph":[{"@type":"WebPage","@id":"https:\/\/roundupriverranch.org\/about-us\/who-we-are\/join-our-team\/","url":"https:\/\/roundupriverranch.org\/about-us\/who-we-are\/join-our-team\/","name":"\u00danete a nuestro equipo - Roundup River Ranch","isPartOf":{"@id":"https:\/\/roundupriverranch.org\/#website"},"primaryImageOfPage":{"@id":"https:\/\/roundupriverranch.org\/about-us\/who-we-are\/join-our-team\/#primaryimage"},"image":{"@id":"https:\/\/roundupriverranch.org\/about-us\/who-we-are\/join-our-team\/#primaryimage"},"thumbnailUrl":"https:\/\/roundupriverranch.org\/wp-content\/uploads\/2025\/11\/marshmellows.svg","datePublished":"2025-12-10T10:55:47+00:00","dateModified":"2026-01-01T18:20:37+00:00","breadcrumb":{"@id":"https:\/\/roundupriverranch.org\/about-us\/who-we-are\/join-our-team\/#breadcrumb"},"inLanguage":"es","potentialAction":[{"@type":"ReadAction","target":["https:\/\/roundupriverranch.org\/about-us\/who-we-are\/join-our-team\/"]}]},{"@type":"ImageObject","inLanguage":"es","@id":"https:\/\/roundupriverranch.org\/about-us\/who-we-are\/join-our-team\/#primaryimage","url":"https:\/\/roundupriverranch.org\/wp-content\/uploads\/2025\/11\/marshmellows.svg","contentUrl":"https:\/\/roundupriverranch.org\/wp-content\/uploads\/2025\/11\/marshmellows.svg"},{"@type":"BreadcrumbList","@id":"https:\/\/roundupriverranch.org\/about-us\/who-we-are\/join-our-team\/#breadcrumb","itemListElement":[{"@type":"ListItem","position":1,"name":"Home","item":"https:\/\/roundupriverranch.org\/"},{"@type":"ListItem","position":2,"name":"About Us","item":"https:\/\/roundupriverranch.org\/about-us\/"},{"@type":"ListItem","position":3,"name":"Who We Are","item":"https:\/\/roundupriverranch.org\/about-us\/who-we-are\/"},{"@type":"ListItem","position":4,"name":"Join Our Team"}]},{"@type":"WebSite","@id":"https:\/\/roundupriverranch.org\/#website","url":"https:\/\/roundupriverranch.org\/","name":"Rancho Roundup River","description":"","potentialAction":[{"@type":"SearchAction","target":{"@type":"EntryPoint","urlTemplate":"https:\/\/roundupriverranch.org\/?s={search_term_string}"},"query-input":{"@type":"PropertyValueSpecification","valueRequired":true,"valueName":"search_term_string"}}],"inLanguage":"es"}]}},"_links":{"self":[{"href":"https:\/\/roundupriverranch.org\/es\/wp-json\/wp\/v2\/pages\/882","targetHints":{"allow":["GET"]}}],"collection":[{"href":"https:\/\/roundupriverranch.org\/es\/wp-json\/wp\/v2\/pages"}],"about":[{"href":"https:\/\/roundupriverranch.org\/es\/wp-json\/wp\/v2\/types\/page"}],"author":[{"embeddable":true,"href":"https:\/\/roundupriverranch.org\/es\/wp-json\/wp\/v2\/users\/1"}],"replies":[{"embeddable":true,"href":"https:\/\/roundupriverranch.org\/es\/wp-json\/wp\/v2\/comments?post=882"}],"version-history":[{"count":18,"href":"https:\/\/roundupriverranch.org\/es\/wp-json\/wp\/v2\/pages\/882\/revisions"}],"predecessor-version":[{"id":11735,"href":"https:\/\/roundupriverranch.org\/es\/wp-json\/wp\/v2\/pages\/882\/revisions\/11735"}],"up":[{"embeddable":true,"href":"https:\/\/roundupriverranch.org\/es\/wp-json\/wp\/v2\/pages\/753"}],"wp:attachment":[{"href":"https:\/\/roundupriverranch.org\/es\/wp-json\/wp\/v2\/media?parent=882"}],"curies":[{"name":"wp","href":"https:\/\/api.w.org\/{rel}","templated":true}]}}